{"id":4813,"date":"2022-09-28T12:05:28","date_gmt":"2022-09-28T11:05:28","guid":{"rendered":"https:\/\/www.pelsis.com\/sustainability-faqs\/"},"modified":"2024-05-14T14:56:14","modified_gmt":"2024-05-14T13:56:14","slug":"sustainability-faqs","status":"publish","type":"page","link":"https:\/\/www.pelsis.com\/it\/sustainability-faqs\/","title":{"rendered":"Domande frequenti sulla sostenibilit\u00e0"},"content":{"rendered":"","protected":false},"excerpt":{"rendered":"","protected":false},"author":3,"featured_media":0,"parent":0,"menu_order":0,"comment_status":"closed","ping_status":"closed","template":"views\/template-sectors.blade.php","meta":{"_acf_changed":false,"footnotes":""},"acf":[],"yoast_head":"<!-- This site is optimized with the Yoast SEO plugin v22.6 - https:\/\/yoast.com\/wordpress\/plugins\/seo\/ -->\n<title>Domande frequenti sulla sostenibilit\u00e0 - Pelsis<\/title>\n<meta name=\"description\" content=\"Questa pagina \u00e8 attualmente in fase di aggiornamento ed \u00e8 in manutenzione. Torna presto a trovarci per le nostre FAQ sulla sostenibilit\u00e0 quando torneranno.\" \/>\n<meta name=\"robots\" content=\"index, follow, max-snippet:-1, max-image-preview:large, max-video-preview:-1\" \/>\n<link rel=\"canonical\" href=\"https:\/\/www.pelsis.com\/it\/sustainability-faqs\/\" \/>\n<meta property=\"og:locale\" content=\"it_IT\" \/>\n<meta property=\"og:type\" content=\"article\" \/>\n<meta property=\"og:title\" content=\"Domande frequenti sulla sostenibilit\u00e0 - Pelsis\" \/>\n<meta property=\"og:description\" content=\"Questa pagina \u00e8 attualmente in fase di aggiornamento ed \u00e8 in manutenzione. Torna presto a trovarci per le nostre FAQ sulla sostenibilit\u00e0 quando torneranno.\" \/>\n<meta property=\"og:url\" content=\"https:\/\/www.pelsis.com\/it\/sustainability-faqs\/\" \/>\n<meta property=\"og:site_name\" content=\"Pelsis\" \/>\n<meta property=\"article:modified_time\" content=\"2024-05-14T13:56:14+00:00\" \/>\n<meta name=\"twitter:card\" content=\"summary_large_image\" \/>\n<script type=\"application\/ld+json\" class=\"yoast-schema-graph\">{\"@context\":\"https:\/\/schema.org\",\"@graph\":[{\"@type\":\"WebPage\",\"@id\":\"https:\/\/www.pelsis.com\/it\/sustainability-faqs\/\",\"url\":\"https:\/\/www.pelsis.com\/it\/sustainability-faqs\/\",\"name\":\"Domande frequenti sulla sostenibilit\u00e0 - Pelsis\",\"isPartOf\":{\"@id\":\"https:\/\/www.pelsis.com\/it\/#website\"},\"datePublished\":\"2022-09-28T11:05:28+00:00\",\"dateModified\":\"2024-05-14T13:56:14+00:00\",\"description\":\"Questa pagina \u00e8 attualmente in fase di aggiornamento ed \u00e8 in manutenzione. Torna presto a trovarci per le nostre FAQ sulla sostenibilit\u00e0 quando torneranno.\",\"breadcrumb\":{\"@id\":\"https:\/\/www.pelsis.com\/it\/sustainability-faqs\/#breadcrumb\"},\"inLanguage\":\"it-IT\",\"potentialAction\":[{\"@type\":\"ReadAction\",\"target\":[\"https:\/\/www.pelsis.com\/it\/sustainability-faqs\/\"]}]},{\"@type\":\"BreadcrumbList\",\"@id\":\"https:\/\/www.pelsis.com\/it\/sustainability-faqs\/#breadcrumb\",\"itemListElement\":[{\"@type\":\"ListItem\",\"position\":1,\"name\":\"Home\",\"item\":\"https:\/\/www.pelsis.com\/it\/\"},{\"@type\":\"ListItem\",\"position\":2,\"name\":\"Domande frequenti sulla sostenibilit\u00e0\"}]},{\"@type\":\"WebSite\",\"@id\":\"https:\/\/www.pelsis.com\/it\/#website\",\"url\":\"https:\/\/www.pelsis.com\/it\/\",\"name\":\"Pelsis\",\"description\":\"\",\"potentialAction\":[{\"@type\":\"SearchAction\",\"target\":{\"@type\":\"EntryPoint\",\"urlTemplate\":\"https:\/\/www.pelsis.com\/it\/?s={search_term_string}\"},\"query-input\":\"required name=search_term_string\"}],\"inLanguage\":\"it-IT\"}]}<\/script>\n<!-- \/ Yoast SEO plugin. -->","yoast_head_json":{"title":"Domande frequenti sulla sostenibilit\u00e0 - Pelsis","description":"Questa pagina \u00e8 attualmente in fase di aggiornamento ed \u00e8 in manutenzione. Torna presto a trovarci per le nostre FAQ sulla sostenibilit\u00e0 quando torneranno.","robots":{"index":"index","follow":"follow","max-snippet":"max-snippet:-1","max-image-preview":"max-image-preview:large","max-video-preview":"max-video-preview:-1"},"canonical":"https:\/\/www.pelsis.com\/it\/sustainability-faqs\/","og_locale":"it_IT","og_type":"article","og_title":"Domande frequenti sulla sostenibilit\u00e0 - Pelsis","og_description":"Questa pagina \u00e8 attualmente in fase di aggiornamento ed \u00e8 in manutenzione. Torna presto a trovarci per le nostre FAQ sulla sostenibilit\u00e0 quando torneranno.","og_url":"https:\/\/www.pelsis.com\/it\/sustainability-faqs\/","og_site_name":"Pelsis","article_modified_time":"2024-05-14T13:56:14+00:00","twitter_card":"summary_large_image","schema":{"@context":"https:\/\/schema.org","@graph":[{"@type":"WebPage","@id":"https:\/\/www.pelsis.com\/it\/sustainability-faqs\/","url":"https:\/\/www.pelsis.com\/it\/sustainability-faqs\/","name":"Domande frequenti sulla sostenibilit\u00e0 - Pelsis","isPartOf":{"@id":"https:\/\/www.pelsis.com\/it\/#website"},"datePublished":"2022-09-28T11:05:28+00:00","dateModified":"2024-05-14T13:56:14+00:00","description":"Questa pagina \u00e8 attualmente in fase di aggiornamento ed \u00e8 in manutenzione. Torna presto a trovarci per le nostre FAQ sulla sostenibilit\u00e0 quando torneranno.","breadcrumb":{"@id":"https:\/\/www.pelsis.com\/it\/sustainability-faqs\/#breadcrumb"},"inLanguage":"it-IT","potentialAction":[{"@type":"ReadAction","target":["https:\/\/www.pelsis.com\/it\/sustainability-faqs\/"]}]},{"@type":"BreadcrumbList","@id":"https:\/\/www.pelsis.com\/it\/sustainability-faqs\/#breadcrumb","itemListElement":[{"@type":"ListItem","position":1,"name":"Home","item":"https:\/\/www.pelsis.com\/it\/"},{"@type":"ListItem","position":2,"name":"Domande frequenti sulla sostenibilit\u00e0"}]},{"@type":"WebSite","@id":"https:\/\/www.pelsis.com\/it\/#website","url":"https:\/\/www.pelsis.com\/it\/","name":"Pelsis","description":"","potentialAction":[{"@type":"SearchAction","target":{"@type":"EntryPoint","urlTemplate":"https:\/\/www.pelsis.com\/it\/?s={search_term_string}"},"query-input":"required name=search_term_string"}],"inLanguage":"it-IT"}]}},"_links":{"self":[{"href":"https:\/\/www.pelsis.com\/it\/wp-json\/wp\/v2\/pages\/4813"}],"collection":[{"href":"https:\/\/www.pelsis.com\/it\/wp-json\/wp\/v2\/pages"}],"about":[{"href":"https:\/\/www.pelsis.com\/it\/wp-json\/wp\/v2\/types\/page"}],"author":[{"embeddable":true,"href":"https:\/\/www.pelsis.com\/it\/wp-json\/wp\/v2\/users\/3"}],"replies":[{"embeddable":true,"href":"https:\/\/www.pelsis.com\/it\/wp-json\/wp\/v2\/comments?post=4813"}],"version-history":[{"count":0,"href":"https:\/\/www.pelsis.com\/it\/wp-json\/wp\/v2\/pages\/4813\/revisions"}],"wp:attachment":[{"href":"https:\/\/www.pelsis.com\/it\/wp-json\/wp\/v2\/media?parent=4813"}],"curies":[{"name":"wp","href":"https:\/\/api.w.org\/{rel}","templated":true}]}}