{"id":1651,"date":"2019-11-21T12:10:11","date_gmt":"2019-11-21T12:10:11","guid":{"rendered":"https:\/\/www.pelsis.com\/contatti\/find-a-distributor\/"},"modified":"2020-01-08T10:29:27","modified_gmt":"2020-01-08T10:29:27","slug":"cerca-il-distributore-a-te-piu-vicino","status":"publish","type":"page","link":"https:\/\/www.pelsis.com\/it\/contatti\/cerca-il-distributore-a-te-piu-vicino\/","title":{"rendered":"Cerca il Distributore a te piu\u2019 vicino"},"content":{"rendered":"<h2>I nostri marchi sono distribuiti in tutto il mondo da oltre 2500 aziende.<\/h2>\n<p>Per aiutarci a trovare il distributore pi\u00f9 vicino, si prega di compilare il modulo sottostante. Uno dei nostri distributori vi contatter\u00e0 al pi\u00f9 presto.<\/p>\n","protected":false},"excerpt":{"rendered":"<p>I nostri marchi sono distribuiti in tutto il mondo da oltre 2500 aziende. Per aiutarci a trovare il distributore pi\u00f9 vicino, si prega di compilare il modulo sottostante. Uno dei nostri distributori vi contatter\u00e0 al pi\u00f9 presto.<\/p>\n","protected":false},"author":1,"featured_media":185,"parent":1054,"menu_order":2,"comment_status":"closed","ping_status":"closed","template":"views\/template-contact.blade.php","meta":{"_acf_changed":false,"footnotes":""},"acf":[],"yoast_head":"<!-- This site is optimized with the Yoast SEO plugin v22.6 - https:\/\/yoast.com\/wordpress\/plugins\/seo\/ -->\n<title>Cerca il Distributore a te piu\u2019 vicino - Pelsis<\/title>\n<meta name=\"robots\" content=\"index, follow, max-snippet:-1, max-image-preview:large, max-video-preview:-1\" \/>\n<link rel=\"canonical\" href=\"https:\/\/www.pelsis.com\/it\/contatti\/cerca-il-distributore-a-te-piu-vicino\/\" \/>\n<meta property=\"og:locale\" content=\"it_IT\" \/>\n<meta property=\"og:type\" content=\"article\" \/>\n<meta property=\"og:title\" content=\"Cerca il Distributore a te piu\u2019 vicino - Pelsis\" \/>\n<meta property=\"og:description\" content=\"I nostri marchi sono distribuiti in tutto il mondo da oltre 2500 aziende. Per aiutarci a trovare il distributore pi\u00f9 vicino, si prega di compilare il modulo sottostante. Uno dei nostri distributori vi contatter\u00e0 al pi\u00f9 presto.\" \/>\n<meta property=\"og:url\" content=\"https:\/\/www.pelsis.com\/it\/contatti\/cerca-il-distributore-a-te-piu-vicino\/\" \/>\n<meta property=\"og:site_name\" content=\"Pelsis\" \/>\n<meta property=\"article:modified_time\" content=\"2020-01-08T10:29:27+00:00\" \/>\n<meta property=\"og:image\" content=\"https:\/\/www.pelsis.com\/app\/uploads\/2019\/11\/Presentation-Crowd.jpg\" \/>\n\t<meta property=\"og:image:width\" content=\"1500\" \/>\n\t<meta property=\"og:image:height\" content=\"1000\" \/>\n\t<meta property=\"og:image:type\" content=\"image\/jpeg\" \/>\n<meta name=\"twitter:card\" content=\"summary_large_image\" \/>\n<script type=\"application\/ld+json\" class=\"yoast-schema-graph\">{\"@context\":\"https:\/\/schema.org\",\"@graph\":[{\"@type\":\"WebPage\",\"@id\":\"https:\/\/www.pelsis.com\/it\/contatti\/cerca-il-distributore-a-te-piu-vicino\/\",\"url\":\"https:\/\/www.pelsis.com\/it\/contatti\/cerca-il-distributore-a-te-piu-vicino\/\",\"name\":\"Cerca il Distributore a te piu\u2019 vicino - Pelsis\",\"isPartOf\":{\"@id\":\"https:\/\/www.pelsis.com\/it\/#website\"},\"primaryImageOfPage\":{\"@id\":\"https:\/\/www.pelsis.com\/it\/contatti\/cerca-il-distributore-a-te-piu-vicino\/#primaryimage\"},\"image\":{\"@id\":\"https:\/\/www.pelsis.com\/it\/contatti\/cerca-il-distributore-a-te-piu-vicino\/#primaryimage\"},\"thumbnailUrl\":\"https:\/\/www.pelsis.com\/app\/uploads\/2019\/11\/Presentation-Crowd.jpg\",\"datePublished\":\"2019-11-21T12:10:11+00:00\",\"dateModified\":\"2020-01-08T10:29:27+00:00\",\"breadcrumb\":{\"@id\":\"https:\/\/www.pelsis.com\/it\/contatti\/cerca-il-distributore-a-te-piu-vicino\/#breadcrumb\"},\"inLanguage\":\"it-IT\",\"potentialAction\":[{\"@type\":\"ReadAction\",\"target\":[\"https:\/\/www.pelsis.com\/it\/contatti\/cerca-il-distributore-a-te-piu-vicino\/\"]}]},{\"@type\":\"ImageObject\",\"inLanguage\":\"it-IT\",\"@id\":\"https:\/\/www.pelsis.com\/it\/contatti\/cerca-il-distributore-a-te-piu-vicino\/#primaryimage\",\"url\":\"https:\/\/www.pelsis.com\/app\/uploads\/2019\/11\/Presentation-Crowd.jpg\",\"contentUrl\":\"https:\/\/www.pelsis.com\/app\/uploads\/2019\/11\/Presentation-Crowd.jpg\",\"width\":1500,\"height\":1000},{\"@type\":\"BreadcrumbList\",\"@id\":\"https:\/\/www.pelsis.com\/it\/contatti\/cerca-il-distributore-a-te-piu-vicino\/#breadcrumb\",\"itemListElement\":[{\"@type\":\"ListItem\",\"position\":1,\"name\":\"Home\",\"item\":\"https:\/\/www.pelsis.com\/it\/\"},{\"@type\":\"ListItem\",\"position\":2,\"name\":\"Contatti\",\"item\":\"https:\/\/www.pelsis.com\/it\/contact-us\/\"},{\"@type\":\"ListItem\",\"position\":3,\"name\":\"Cerca il Distributore a te piu\u2019 vicino\"}]},{\"@type\":\"WebSite\",\"@id\":\"https:\/\/www.pelsis.com\/it\/#website\",\"url\":\"https:\/\/www.pelsis.com\/it\/\",\"name\":\"Pelsis\",\"description\":\"\",\"potentialAction\":[{\"@type\":\"SearchAction\",\"target\":{\"@type\":\"EntryPoint\",\"urlTemplate\":\"https:\/\/www.pelsis.com\/it\/?s={search_term_string}\"},\"query-input\":\"required name=search_term_string\"}],\"inLanguage\":\"it-IT\"}]}<\/script>\n<!-- \/ Yoast SEO plugin. -->","yoast_head_json":{"title":"Cerca il Distributore a te piu\u2019 vicino - Pelsis","robots":{"index":"index","follow":"follow","max-snippet":"max-snippet:-1","max-image-preview":"max-image-preview:large","max-video-preview":"max-video-preview:-1"},"canonical":"https:\/\/www.pelsis.com\/it\/contatti\/cerca-il-distributore-a-te-piu-vicino\/","og_locale":"it_IT","og_type":"article","og_title":"Cerca il Distributore a te piu\u2019 vicino - Pelsis","og_description":"I nostri marchi sono distribuiti in tutto il mondo da oltre 2500 aziende. Per aiutarci a trovare il distributore pi\u00f9 vicino, si prega di compilare il modulo sottostante. Uno dei nostri distributori vi contatter\u00e0 al pi\u00f9 presto.","og_url":"https:\/\/www.pelsis.com\/it\/contatti\/cerca-il-distributore-a-te-piu-vicino\/","og_site_name":"Pelsis","article_modified_time":"2020-01-08T10:29:27+00:00","og_image":[{"width":1500,"height":1000,"url":"https:\/\/www.pelsis.com\/app\/uploads\/2019\/11\/Presentation-Crowd.jpg","type":"image\/jpeg"}],"twitter_card":"summary_large_image","schema":{"@context":"https:\/\/schema.org","@graph":[{"@type":"WebPage","@id":"https:\/\/www.pelsis.com\/it\/contatti\/cerca-il-distributore-a-te-piu-vicino\/","url":"https:\/\/www.pelsis.com\/it\/contatti\/cerca-il-distributore-a-te-piu-vicino\/","name":"Cerca il Distributore a te piu\u2019 vicino - Pelsis","isPartOf":{"@id":"https:\/\/www.pelsis.com\/it\/#website"},"primaryImageOfPage":{"@id":"https:\/\/www.pelsis.com\/it\/contatti\/cerca-il-distributore-a-te-piu-vicino\/#primaryimage"},"image":{"@id":"https:\/\/www.pelsis.com\/it\/contatti\/cerca-il-distributore-a-te-piu-vicino\/#primaryimage"},"thumbnailUrl":"https:\/\/www.pelsis.com\/app\/uploads\/2019\/11\/Presentation-Crowd.jpg","datePublished":"2019-11-21T12:10:11+00:00","dateModified":"2020-01-08T10:29:27+00:00","breadcrumb":{"@id":"https:\/\/www.pelsis.com\/it\/contatti\/cerca-il-distributore-a-te-piu-vicino\/#breadcrumb"},"inLanguage":"it-IT","potentialAction":[{"@type":"ReadAction","target":["https:\/\/www.pelsis.com\/it\/contatti\/cerca-il-distributore-a-te-piu-vicino\/"]}]},{"@type":"ImageObject","inLanguage":"it-IT","@id":"https:\/\/www.pelsis.com\/it\/contatti\/cerca-il-distributore-a-te-piu-vicino\/#primaryimage","url":"https:\/\/www.pelsis.com\/app\/uploads\/2019\/11\/Presentation-Crowd.jpg","contentUrl":"https:\/\/www.pelsis.com\/app\/uploads\/2019\/11\/Presentation-Crowd.jpg","width":1500,"height":1000},{"@type":"BreadcrumbList","@id":"https:\/\/www.pelsis.com\/it\/contatti\/cerca-il-distributore-a-te-piu-vicino\/#breadcrumb","itemListElement":[{"@type":"ListItem","position":1,"name":"Home","item":"https:\/\/www.pelsis.com\/it\/"},{"@type":"ListItem","position":2,"name":"Contatti","item":"https:\/\/www.pelsis.com\/it\/contact-us\/"},{"@type":"ListItem","position":3,"name":"Cerca il Distributore a te piu\u2019 vicino"}]},{"@type":"WebSite","@id":"https:\/\/www.pelsis.com\/it\/#website","url":"https:\/\/www.pelsis.com\/it\/","name":"Pelsis","description":"","potentialAction":[{"@type":"SearchAction","target":{"@type":"EntryPoint","urlTemplate":"https:\/\/www.pelsis.com\/it\/?s={search_term_string}"},"query-input":"required name=search_term_string"}],"inLanguage":"it-IT"}]}},"_links":{"self":[{"href":"https:\/\/www.pelsis.com\/it\/wp-json\/wp\/v2\/pages\/1651"}],"collection":[{"href":"https:\/\/www.pelsis.com\/it\/wp-json\/wp\/v2\/pages"}],"about":[{"href":"https:\/\/www.pelsis.com\/it\/wp-json\/wp\/v2\/types\/page"}],"author":[{"embeddable":true,"href":"https:\/\/www.pelsis.com\/it\/wp-json\/wp\/v2\/users\/1"}],"replies":[{"embeddable":true,"href":"https:\/\/www.pelsis.com\/it\/wp-json\/wp\/v2\/comments?post=1651"}],"version-history":[{"count":0,"href":"https:\/\/www.pelsis.com\/it\/wp-json\/wp\/v2\/pages\/1651\/revisions"}],"up":[{"embeddable":true,"href":"https:\/\/www.pelsis.com\/it\/wp-json\/wp\/v2\/pages\/1054"}],"wp:featuredmedia":[{"embeddable":true,"href":"https:\/\/www.pelsis.com\/it\/wp-json\/wp\/v2\/media\/185"}],"wp:attachment":[{"href":"https:\/\/www.pelsis.com\/it\/wp-json\/wp\/v2\/media?parent=1651"}],"curies":[{"name":"wp","href":"https:\/\/api.w.org\/{rel}","templated":true}]}}