{"id":4809,"date":"2022-09-28T12:05:28","date_gmt":"2022-09-28T11:05:28","guid":{"rendered":"https:\/\/www.pelsis.com\/sustainability-faqs\/"},"modified":"2024-05-14T14:47:47","modified_gmt":"2024-05-14T13:47:47","slug":"sustainability-faqs","status":"publish","type":"page","link":"https:\/\/www.pelsis.com\/fr\/sustainability-faqs\/","title":{"rendered":"FAQ sur le d\u00e9veloppement durable"},"content":{"rendered":"","protected":false},"excerpt":{"rendered":"","protected":false},"author":3,"featured_media":0,"parent":0,"menu_order":0,"comment_status":"closed","ping_status":"closed","template":"views\/template-sectors.blade.php","meta":{"_acf_changed":false,"footnotes":""},"acf":[],"yoast_head":"<!-- This site is optimized with the Yoast SEO plugin v22.6 - https:\/\/yoast.com\/wordpress\/plugins\/seo\/ -->\n<title>FAQ sur le d\u00e9veloppement durable - Pelsis<\/title>\n<meta name=\"description\" content=\"Cette page est actuellement en cours de mise \u00e0 jour et est en cours de maintenance. Revenez bient\u00f4t pour notre FAQ sur le d\u00e9veloppement durable \u00e0 leur retour.\" \/>\n<meta name=\"robots\" content=\"index, follow, max-snippet:-1, max-image-preview:large, max-video-preview:-1\" \/>\n<link rel=\"canonical\" href=\"https:\/\/www.pelsis.com\/fr\/sustainability-faqs\/\" \/>\n<meta property=\"og:locale\" content=\"fr_FR\" \/>\n<meta property=\"og:type\" content=\"article\" \/>\n<meta property=\"og:title\" content=\"FAQ sur le d\u00e9veloppement durable - Pelsis\" \/>\n<meta property=\"og:description\" content=\"Cette page est actuellement en cours de mise \u00e0 jour et est en cours de maintenance. Revenez bient\u00f4t pour notre FAQ sur le d\u00e9veloppement durable \u00e0 leur retour.\" \/>\n<meta property=\"og:url\" content=\"https:\/\/www.pelsis.com\/fr\/sustainability-faqs\/\" \/>\n<meta property=\"og:site_name\" content=\"Pelsis\" \/>\n<meta property=\"article:modified_time\" content=\"2024-05-14T13:47:47+00:00\" \/>\n<meta name=\"twitter:card\" content=\"summary_large_image\" \/>\n<script type=\"application\/ld+json\" class=\"yoast-schema-graph\">{\"@context\":\"https:\/\/schema.org\",\"@graph\":[{\"@type\":\"WebPage\",\"@id\":\"https:\/\/www.pelsis.com\/fr\/sustainability-faqs\/\",\"url\":\"https:\/\/www.pelsis.com\/fr\/sustainability-faqs\/\",\"name\":\"FAQ sur le d\u00e9veloppement durable - Pelsis\",\"isPartOf\":{\"@id\":\"https:\/\/www.pelsis.com\/fr\/#website\"},\"datePublished\":\"2022-09-28T11:05:28+00:00\",\"dateModified\":\"2024-05-14T13:47:47+00:00\",\"description\":\"Cette page est actuellement en cours de mise \u00e0 jour et est en cours de maintenance. Revenez bient\u00f4t pour notre FAQ sur le d\u00e9veloppement durable \u00e0 leur retour.\",\"breadcrumb\":{\"@id\":\"https:\/\/www.pelsis.com\/fr\/sustainability-faqs\/#breadcrumb\"},\"inLanguage\":\"fr-FR\",\"potentialAction\":[{\"@type\":\"ReadAction\",\"target\":[\"https:\/\/www.pelsis.com\/fr\/sustainability-faqs\/\"]}]},{\"@type\":\"BreadcrumbList\",\"@id\":\"https:\/\/www.pelsis.com\/fr\/sustainability-faqs\/#breadcrumb\",\"itemListElement\":[{\"@type\":\"ListItem\",\"position\":1,\"name\":\"Home\",\"item\":\"https:\/\/www.pelsis.com\/fr\/\"},{\"@type\":\"ListItem\",\"position\":2,\"name\":\"FAQ sur le d\u00e9veloppement durable\"}]},{\"@type\":\"WebSite\",\"@id\":\"https:\/\/www.pelsis.com\/fr\/#website\",\"url\":\"https:\/\/www.pelsis.com\/fr\/\",\"name\":\"Pelsis\",\"description\":\"\",\"potentialAction\":[{\"@type\":\"SearchAction\",\"target\":{\"@type\":\"EntryPoint\",\"urlTemplate\":\"https:\/\/www.pelsis.com\/fr\/?s={search_term_string}\"},\"query-input\":\"required name=search_term_string\"}],\"inLanguage\":\"fr-FR\"}]}<\/script>\n<!-- \/ Yoast SEO plugin. -->","yoast_head_json":{"title":"FAQ sur le d\u00e9veloppement durable - Pelsis","description":"Cette page est actuellement en cours de mise \u00e0 jour et est en cours de maintenance. Revenez bient\u00f4t pour notre FAQ sur le d\u00e9veloppement durable \u00e0 leur retour.","robots":{"index":"index","follow":"follow","max-snippet":"max-snippet:-1","max-image-preview":"max-image-preview:large","max-video-preview":"max-video-preview:-1"},"canonical":"https:\/\/www.pelsis.com\/fr\/sustainability-faqs\/","og_locale":"fr_FR","og_type":"article","og_title":"FAQ sur le d\u00e9veloppement durable - Pelsis","og_description":"Cette page est actuellement en cours de mise \u00e0 jour et est en cours de maintenance. Revenez bient\u00f4t pour notre FAQ sur le d\u00e9veloppement durable \u00e0 leur retour.","og_url":"https:\/\/www.pelsis.com\/fr\/sustainability-faqs\/","og_site_name":"Pelsis","article_modified_time":"2024-05-14T13:47:47+00:00","twitter_card":"summary_large_image","schema":{"@context":"https:\/\/schema.org","@graph":[{"@type":"WebPage","@id":"https:\/\/www.pelsis.com\/fr\/sustainability-faqs\/","url":"https:\/\/www.pelsis.com\/fr\/sustainability-faqs\/","name":"FAQ sur le d\u00e9veloppement durable - Pelsis","isPartOf":{"@id":"https:\/\/www.pelsis.com\/fr\/#website"},"datePublished":"2022-09-28T11:05:28+00:00","dateModified":"2024-05-14T13:47:47+00:00","description":"Cette page est actuellement en cours de mise \u00e0 jour et est en cours de maintenance. Revenez bient\u00f4t pour notre FAQ sur le d\u00e9veloppement durable \u00e0 leur retour.","breadcrumb":{"@id":"https:\/\/www.pelsis.com\/fr\/sustainability-faqs\/#breadcrumb"},"inLanguage":"fr-FR","potentialAction":[{"@type":"ReadAction","target":["https:\/\/www.pelsis.com\/fr\/sustainability-faqs\/"]}]},{"@type":"BreadcrumbList","@id":"https:\/\/www.pelsis.com\/fr\/sustainability-faqs\/#breadcrumb","itemListElement":[{"@type":"ListItem","position":1,"name":"Home","item":"https:\/\/www.pelsis.com\/fr\/"},{"@type":"ListItem","position":2,"name":"FAQ sur le d\u00e9veloppement durable"}]},{"@type":"WebSite","@id":"https:\/\/www.pelsis.com\/fr\/#website","url":"https:\/\/www.pelsis.com\/fr\/","name":"Pelsis","description":"","potentialAction":[{"@type":"SearchAction","target":{"@type":"EntryPoint","urlTemplate":"https:\/\/www.pelsis.com\/fr\/?s={search_term_string}"},"query-input":"required name=search_term_string"}],"inLanguage":"fr-FR"}]}},"_links":{"self":[{"href":"https:\/\/www.pelsis.com\/fr\/wp-json\/wp\/v2\/pages\/4809"}],"collection":[{"href":"https:\/\/www.pelsis.com\/fr\/wp-json\/wp\/v2\/pages"}],"about":[{"href":"https:\/\/www.pelsis.com\/fr\/wp-json\/wp\/v2\/types\/page"}],"author":[{"embeddable":true,"href":"https:\/\/www.pelsis.com\/fr\/wp-json\/wp\/v2\/users\/3"}],"replies":[{"embeddable":true,"href":"https:\/\/www.pelsis.com\/fr\/wp-json\/wp\/v2\/comments?post=4809"}],"version-history":[{"count":0,"href":"https:\/\/www.pelsis.com\/fr\/wp-json\/wp\/v2\/pages\/4809\/revisions"}],"wp:attachment":[{"href":"https:\/\/www.pelsis.com\/fr\/wp-json\/wp\/v2\/media?parent=4809"}],"curies":[{"name":"wp","href":"https:\/\/api.w.org\/{rel}","templated":true}]}}