{"id":1566,"date":"2020-01-02T11:14:26","date_gmt":"2020-01-02T11:14:26","guid":{"rendered":"https:\/\/www.pelsis.com\/contact-us\/devenir-un-distributeur\/"},"modified":"2020-01-08T10:28:36","modified_gmt":"2020-01-08T10:28:36","slug":"devenir-un-distributeur","status":"publish","type":"page","link":"https:\/\/www.pelsis.com\/fr\/contactez-nous\/devenir-un-distributeur\/","title":{"rendered":"Devenir un distributeur"},"content":{"rendered":"<p>Pour devenir un distributeur de Pelsis, veuillez compl\u00e9ter le formulaire suivant. Notre \u00e9quipe vous contactera dans les plus brefs d\u00e9lais.<\/p>\n","protected":false},"excerpt":{"rendered":"<p>Pour devenir un distributeur de Pelsis, veuillez compl\u00e9ter le formulaire suivant. Notre \u00e9quipe vous contactera dans les plus brefs d\u00e9lais.<\/p>\n","protected":false},"author":1,"featured_media":5072,"parent":1047,"menu_order":1,"comment_status":"closed","ping_status":"closed","template":"views\/template-contact.blade.php","meta":{"_acf_changed":false,"footnotes":""},"acf":[],"yoast_head":"<!-- This site is optimized with the Yoast SEO plugin v22.6 - https:\/\/yoast.com\/wordpress\/plugins\/seo\/ -->\n<title>Devenir un distributeur - Pelsis<\/title>\n<meta name=\"robots\" content=\"index, follow, max-snippet:-1, max-image-preview:large, max-video-preview:-1\" \/>\n<link rel=\"canonical\" href=\"https:\/\/www.pelsis.com\/fr\/contactez-nous\/devenir-un-distributeur\/\" \/>\n<meta property=\"og:locale\" content=\"fr_FR\" \/>\n<meta property=\"og:type\" content=\"article\" \/>\n<meta property=\"og:title\" content=\"Devenir un distributeur - Pelsis\" \/>\n<meta property=\"og:description\" content=\"Pour devenir un distributeur de Pelsis, veuillez compl\u00e9ter le formulaire suivant. Notre \u00e9quipe vous contactera dans les plus brefs d\u00e9lais.\" \/>\n<meta property=\"og:url\" content=\"https:\/\/www.pelsis.com\/fr\/contactez-nous\/devenir-un-distributeur\/\" \/>\n<meta property=\"og:site_name\" content=\"Pelsis\" \/>\n<meta property=\"article:modified_time\" content=\"2020-01-08T10:28:36+00:00\" \/>\n<meta property=\"og:image\" content=\"https:\/\/www.pelsis.com\/app\/uploads\/2019\/11\/FrontBuilding2.jpg\" \/>\n\t<meta property=\"og:image:width\" content=\"1822\" \/>\n\t<meta property=\"og:image:height\" content=\"981\" \/>\n\t<meta property=\"og:image:type\" content=\"image\/jpeg\" \/>\n<meta name=\"twitter:card\" content=\"summary_large_image\" \/>\n<script type=\"application\/ld+json\" class=\"yoast-schema-graph\">{\"@context\":\"https:\/\/schema.org\",\"@graph\":[{\"@type\":\"WebPage\",\"@id\":\"https:\/\/www.pelsis.com\/fr\/contactez-nous\/devenir-un-distributeur\/\",\"url\":\"https:\/\/www.pelsis.com\/fr\/contactez-nous\/devenir-un-distributeur\/\",\"name\":\"Devenir un distributeur - Pelsis\",\"isPartOf\":{\"@id\":\"https:\/\/www.pelsis.com\/fr\/#website\"},\"primaryImageOfPage\":{\"@id\":\"https:\/\/www.pelsis.com\/fr\/contactez-nous\/devenir-un-distributeur\/#primaryimage\"},\"image\":{\"@id\":\"https:\/\/www.pelsis.com\/fr\/contactez-nous\/devenir-un-distributeur\/#primaryimage\"},\"thumbnailUrl\":\"https:\/\/www.pelsis.com\/app\/uploads\/2024\/03\/Pelsis-Building-Front-New-logo-website-ver.jpg\",\"datePublished\":\"2020-01-02T11:14:26+00:00\",\"dateModified\":\"2020-01-08T10:28:36+00:00\",\"breadcrumb\":{\"@id\":\"https:\/\/www.pelsis.com\/fr\/contactez-nous\/devenir-un-distributeur\/#breadcrumb\"},\"inLanguage\":\"fr-FR\",\"potentialAction\":[{\"@type\":\"ReadAction\",\"target\":[\"https:\/\/www.pelsis.com\/fr\/contactez-nous\/devenir-un-distributeur\/\"]}]},{\"@type\":\"ImageObject\",\"inLanguage\":\"fr-FR\",\"@id\":\"https:\/\/www.pelsis.com\/fr\/contactez-nous\/devenir-un-distributeur\/#primaryimage\",\"url\":\"https:\/\/www.pelsis.com\/app\/uploads\/2024\/03\/Pelsis-Building-Front-New-logo-website-ver.jpg\",\"contentUrl\":\"https:\/\/www.pelsis.com\/app\/uploads\/2024\/03\/Pelsis-Building-Front-New-logo-website-ver.jpg\",\"width\":929,\"height\":500},{\"@type\":\"BreadcrumbList\",\"@id\":\"https:\/\/www.pelsis.com\/fr\/contactez-nous\/devenir-un-distributeur\/#breadcrumb\",\"itemListElement\":[{\"@type\":\"ListItem\",\"position\":1,\"name\":\"Home\",\"item\":\"https:\/\/www.pelsis.com\/fr\/\"},{\"@type\":\"ListItem\",\"position\":2,\"name\":\"Contactez-nous\",\"item\":\"https:\/\/www.pelsis.com\/fr\/contactez-nous\/\"},{\"@type\":\"ListItem\",\"position\":3,\"name\":\"Devenir un distributeur\"}]},{\"@type\":\"WebSite\",\"@id\":\"https:\/\/www.pelsis.com\/fr\/#website\",\"url\":\"https:\/\/www.pelsis.com\/fr\/\",\"name\":\"Pelsis\",\"description\":\"\",\"potentialAction\":[{\"@type\":\"SearchAction\",\"target\":{\"@type\":\"EntryPoint\",\"urlTemplate\":\"https:\/\/www.pelsis.com\/fr\/?s={search_term_string}\"},\"query-input\":\"required name=search_term_string\"}],\"inLanguage\":\"fr-FR\"}]}<\/script>\n<!-- \/ Yoast SEO plugin. -->","yoast_head_json":{"title":"Devenir un distributeur - Pelsis","robots":{"index":"index","follow":"follow","max-snippet":"max-snippet:-1","max-image-preview":"max-image-preview:large","max-video-preview":"max-video-preview:-1"},"canonical":"https:\/\/www.pelsis.com\/fr\/contactez-nous\/devenir-un-distributeur\/","og_locale":"fr_FR","og_type":"article","og_title":"Devenir un distributeur - Pelsis","og_description":"Pour devenir un distributeur de Pelsis, veuillez compl\u00e9ter le formulaire suivant. Notre \u00e9quipe vous contactera dans les plus brefs d\u00e9lais.","og_url":"https:\/\/www.pelsis.com\/fr\/contactez-nous\/devenir-un-distributeur\/","og_site_name":"Pelsis","article_modified_time":"2020-01-08T10:28:36+00:00","og_image":[{"width":1822,"height":981,"url":"https:\/\/www.pelsis.com\/app\/uploads\/2019\/11\/FrontBuilding2.jpg","type":"image\/jpeg"}],"twitter_card":"summary_large_image","schema":{"@context":"https:\/\/schema.org","@graph":[{"@type":"WebPage","@id":"https:\/\/www.pelsis.com\/fr\/contactez-nous\/devenir-un-distributeur\/","url":"https:\/\/www.pelsis.com\/fr\/contactez-nous\/devenir-un-distributeur\/","name":"Devenir un distributeur - Pelsis","isPartOf":{"@id":"https:\/\/www.pelsis.com\/fr\/#website"},"primaryImageOfPage":{"@id":"https:\/\/www.pelsis.com\/fr\/contactez-nous\/devenir-un-distributeur\/#primaryimage"},"image":{"@id":"https:\/\/www.pelsis.com\/fr\/contactez-nous\/devenir-un-distributeur\/#primaryimage"},"thumbnailUrl":"https:\/\/www.pelsis.com\/app\/uploads\/2024\/03\/Pelsis-Building-Front-New-logo-website-ver.jpg","datePublished":"2020-01-02T11:14:26+00:00","dateModified":"2020-01-08T10:28:36+00:00","breadcrumb":{"@id":"https:\/\/www.pelsis.com\/fr\/contactez-nous\/devenir-un-distributeur\/#breadcrumb"},"inLanguage":"fr-FR","potentialAction":[{"@type":"ReadAction","target":["https:\/\/www.pelsis.com\/fr\/contactez-nous\/devenir-un-distributeur\/"]}]},{"@type":"ImageObject","inLanguage":"fr-FR","@id":"https:\/\/www.pelsis.com\/fr\/contactez-nous\/devenir-un-distributeur\/#primaryimage","url":"https:\/\/www.pelsis.com\/app\/uploads\/2024\/03\/Pelsis-Building-Front-New-logo-website-ver.jpg","contentUrl":"https:\/\/www.pelsis.com\/app\/uploads\/2024\/03\/Pelsis-Building-Front-New-logo-website-ver.jpg","width":929,"height":500},{"@type":"BreadcrumbList","@id":"https:\/\/www.pelsis.com\/fr\/contactez-nous\/devenir-un-distributeur\/#breadcrumb","itemListElement":[{"@type":"ListItem","position":1,"name":"Home","item":"https:\/\/www.pelsis.com\/fr\/"},{"@type":"ListItem","position":2,"name":"Contactez-nous","item":"https:\/\/www.pelsis.com\/fr\/contactez-nous\/"},{"@type":"ListItem","position":3,"name":"Devenir un distributeur"}]},{"@type":"WebSite","@id":"https:\/\/www.pelsis.com\/fr\/#website","url":"https:\/\/www.pelsis.com\/fr\/","name":"Pelsis","description":"","potentialAction":[{"@type":"SearchAction","target":{"@type":"EntryPoint","urlTemplate":"https:\/\/www.pelsis.com\/fr\/?s={search_term_string}"},"query-input":"required name=search_term_string"}],"inLanguage":"fr-FR"}]}},"_links":{"self":[{"href":"https:\/\/www.pelsis.com\/fr\/wp-json\/wp\/v2\/pages\/1566"}],"collection":[{"href":"https:\/\/www.pelsis.com\/fr\/wp-json\/wp\/v2\/pages"}],"about":[{"href":"https:\/\/www.pelsis.com\/fr\/wp-json\/wp\/v2\/types\/page"}],"author":[{"embeddable":true,"href":"https:\/\/www.pelsis.com\/fr\/wp-json\/wp\/v2\/users\/1"}],"replies":[{"embeddable":true,"href":"https:\/\/www.pelsis.com\/fr\/wp-json\/wp\/v2\/comments?post=1566"}],"version-history":[{"count":0,"href":"https:\/\/www.pelsis.com\/fr\/wp-json\/wp\/v2\/pages\/1566\/revisions"}],"up":[{"embeddable":true,"href":"https:\/\/www.pelsis.com\/fr\/wp-json\/wp\/v2\/pages\/1047"}],"wp:featuredmedia":[{"embeddable":true,"href":"https:\/\/www.pelsis.com\/fr\/wp-json\/wp\/v2\/media\/5072"}],"wp:attachment":[{"href":"https:\/\/www.pelsis.com\/fr\/wp-json\/wp\/v2\/media?parent=1566"}],"curies":[{"name":"wp","href":"https:\/\/api.w.org\/{rel}","templated":true}]}}