{"id":1047,"date":"2019-11-11T16:00:07","date_gmt":"2019-11-11T16:00:07","guid":{"rendered":"https:\/\/www.pelsis.com\/contact-us\/"},"modified":"2024-04-26T15:24:51","modified_gmt":"2024-04-26T14:24:51","slug":"contactez-nous","status":"publish","type":"page","link":"https:\/\/www.pelsis.com\/fr\/contactez-nous\/","title":{"rendered":"Contactez-nous"},"content":{"rendered":"<h2><strong>Edialux France<\/strong><\/h2>\n<p>Z.A. M\u00e2con Est<br \/>\nF-01750 Replonges<br \/>\nFrance<\/p>\n<p>Tel: +33 (0)3 85 31 89 10<\/p>\n<p><a href=\"info@edialux.fr\">info@edialux.fr<\/a><\/p>\n<h6>Enregistr\u00e9 en Angleterre.<br \/>\nEntreprise No. 01576542<br \/>\nnum\u00e9ro de TVA GB974891949<\/h6>\n<p>&nbsp;<\/p>\n<p><strong>Pelsis Belgique<\/strong><br \/>\nIndustrieweg 15<\/p>\n<p>2880 Bornem<\/p>\n<p>Belgique<\/p>\n<p>T\u00e9l\u00e9phone\u00a0: +32 3 886 22 11<\/p>\n<p>customerservice@edialux.be<\/p>\n","protected":false},"excerpt":{"rendered":"<p>Edialux France Z.A. M\u00e2con Est F-01750 Replonges France Tel: +33 (0)3 85 31 89 10 info@edialux.fr Enregistr\u00e9 en Angleterre. Entreprise No. 01576542 num\u00e9ro de TVA GB974891949 &nbsp; Pelsis Belgique Industrieweg 15 2880 Bornem Belgique T\u00e9l\u00e9phone\u00a0: +32 3 886 22 11 customerservice@edialux.be<\/p>\n","protected":false},"author":1,"featured_media":4691,"parent":0,"menu_order":0,"comment_status":"closed","ping_status":"closed","template":"views\/template-contact.blade.php","meta":{"_acf_changed":false,"footnotes":""},"acf":[],"yoast_head":"<!-- This site is optimized with the Yoast SEO plugin v22.6 - https:\/\/yoast.com\/wordpress\/plugins\/seo\/ -->\n<title>Contactez-nous - Pelsis<\/title>\n<meta name=\"robots\" content=\"index, follow, max-snippet:-1, max-image-preview:large, max-video-preview:-1\" \/>\n<link rel=\"canonical\" href=\"https:\/\/www.pelsis.com\/fr\/contactez-nous\/\" \/>\n<meta property=\"og:locale\" content=\"fr_FR\" \/>\n<meta property=\"og:type\" content=\"article\" \/>\n<meta property=\"og:title\" content=\"Contactez-nous - Pelsis\" \/>\n<meta property=\"og:description\" content=\"Edialux France Z.A. M\u00e2con Est F-01750 Replonges France Tel: +33 (0)3 85 31 89 10 info@edialux.fr Enregistr\u00e9 en Angleterre. Entreprise No. 01576542 num\u00e9ro de TVA GB974891949 &nbsp; Pelsis Belgique Industrieweg 15 2880 Bornem Belgique T\u00e9l\u00e9phone\u00a0: +32 3 886 22 11 customerservice@edialux.be\" \/>\n<meta property=\"og:url\" content=\"https:\/\/www.pelsis.com\/fr\/contactez-nous\/\" \/>\n<meta property=\"og:site_name\" content=\"Pelsis\" \/>\n<meta property=\"article:modified_time\" content=\"2024-04-26T14:24:51+00:00\" \/>\n<meta property=\"og:image\" content=\"https:\/\/www.pelsis.com\/app\/uploads\/2022\/09\/sustainablilty-cropped.png\" \/>\n\t<meta property=\"og:image:width\" content=\"1181\" \/>\n\t<meta property=\"og:image:height\" content=\"371\" \/>\n\t<meta property=\"og:image:type\" content=\"image\/png\" \/>\n<meta name=\"twitter:card\" content=\"summary_large_image\" \/>\n<script type=\"application\/ld+json\" class=\"yoast-schema-graph\">{\"@context\":\"https:\/\/schema.org\",\"@graph\":[{\"@type\":\"WebPage\",\"@id\":\"https:\/\/www.pelsis.com\/fr\/contactez-nous\/\",\"url\":\"https:\/\/www.pelsis.com\/fr\/contactez-nous\/\",\"name\":\"Contactez-nous - Pelsis\",\"isPartOf\":{\"@id\":\"https:\/\/www.pelsis.com\/fr\/#website\"},\"primaryImageOfPage\":{\"@id\":\"https:\/\/www.pelsis.com\/fr\/contactez-nous\/#primaryimage\"},\"image\":{\"@id\":\"https:\/\/www.pelsis.com\/fr\/contactez-nous\/#primaryimage\"},\"thumbnailUrl\":\"https:\/\/www.pelsis.com\/app\/uploads\/2022\/09\/sustainablilty-cropped.png\",\"datePublished\":\"2019-11-11T16:00:07+00:00\",\"dateModified\":\"2024-04-26T14:24:51+00:00\",\"breadcrumb\":{\"@id\":\"https:\/\/www.pelsis.com\/fr\/contactez-nous\/#breadcrumb\"},\"inLanguage\":\"fr-FR\",\"potentialAction\":[{\"@type\":\"ReadAction\",\"target\":[\"https:\/\/www.pelsis.com\/fr\/contactez-nous\/\"]}]},{\"@type\":\"ImageObject\",\"inLanguage\":\"fr-FR\",\"@id\":\"https:\/\/www.pelsis.com\/fr\/contactez-nous\/#primaryimage\",\"url\":\"https:\/\/www.pelsis.com\/app\/uploads\/2022\/09\/sustainablilty-cropped.png\",\"contentUrl\":\"https:\/\/www.pelsis.com\/app\/uploads\/2022\/09\/sustainablilty-cropped.png\",\"width\":1181,\"height\":371},{\"@type\":\"BreadcrumbList\",\"@id\":\"https:\/\/www.pelsis.com\/fr\/contactez-nous\/#breadcrumb\",\"itemListElement\":[{\"@type\":\"ListItem\",\"position\":1,\"name\":\"Home\",\"item\":\"https:\/\/www.pelsis.com\/fr\/\"},{\"@type\":\"ListItem\",\"position\":2,\"name\":\"Contactez-nous\"}]},{\"@type\":\"WebSite\",\"@id\":\"https:\/\/www.pelsis.com\/fr\/#website\",\"url\":\"https:\/\/www.pelsis.com\/fr\/\",\"name\":\"Pelsis\",\"description\":\"\",\"potentialAction\":[{\"@type\":\"SearchAction\",\"target\":{\"@type\":\"EntryPoint\",\"urlTemplate\":\"https:\/\/www.pelsis.com\/fr\/?s={search_term_string}\"},\"query-input\":\"required name=search_term_string\"}],\"inLanguage\":\"fr-FR\"}]}<\/script>\n<!-- \/ Yoast SEO plugin. -->","yoast_head_json":{"title":"Contactez-nous - Pelsis","robots":{"index":"index","follow":"follow","max-snippet":"max-snippet:-1","max-image-preview":"max-image-preview:large","max-video-preview":"max-video-preview:-1"},"canonical":"https:\/\/www.pelsis.com\/fr\/contactez-nous\/","og_locale":"fr_FR","og_type":"article","og_title":"Contactez-nous - Pelsis","og_description":"Edialux France Z.A. M\u00e2con Est F-01750 Replonges France Tel: +33 (0)3 85 31 89 10 info@edialux.fr Enregistr\u00e9 en Angleterre. Entreprise No. 01576542 num\u00e9ro de TVA GB974891949 &nbsp; Pelsis Belgique Industrieweg 15 2880 Bornem Belgique T\u00e9l\u00e9phone\u00a0: +32 3 886 22 11 customerservice@edialux.be","og_url":"https:\/\/www.pelsis.com\/fr\/contactez-nous\/","og_site_name":"Pelsis","article_modified_time":"2024-04-26T14:24:51+00:00","og_image":[{"width":1181,"height":371,"url":"https:\/\/www.pelsis.com\/app\/uploads\/2022\/09\/sustainablilty-cropped.png","type":"image\/png"}],"twitter_card":"summary_large_image","schema":{"@context":"https:\/\/schema.org","@graph":[{"@type":"WebPage","@id":"https:\/\/www.pelsis.com\/fr\/contactez-nous\/","url":"https:\/\/www.pelsis.com\/fr\/contactez-nous\/","name":"Contactez-nous - Pelsis","isPartOf":{"@id":"https:\/\/www.pelsis.com\/fr\/#website"},"primaryImageOfPage":{"@id":"https:\/\/www.pelsis.com\/fr\/contactez-nous\/#primaryimage"},"image":{"@id":"https:\/\/www.pelsis.com\/fr\/contactez-nous\/#primaryimage"},"thumbnailUrl":"https:\/\/www.pelsis.com\/app\/uploads\/2022\/09\/sustainablilty-cropped.png","datePublished":"2019-11-11T16:00:07+00:00","dateModified":"2024-04-26T14:24:51+00:00","breadcrumb":{"@id":"https:\/\/www.pelsis.com\/fr\/contactez-nous\/#breadcrumb"},"inLanguage":"fr-FR","potentialAction":[{"@type":"ReadAction","target":["https:\/\/www.pelsis.com\/fr\/contactez-nous\/"]}]},{"@type":"ImageObject","inLanguage":"fr-FR","@id":"https:\/\/www.pelsis.com\/fr\/contactez-nous\/#primaryimage","url":"https:\/\/www.pelsis.com\/app\/uploads\/2022\/09\/sustainablilty-cropped.png","contentUrl":"https:\/\/www.pelsis.com\/app\/uploads\/2022\/09\/sustainablilty-cropped.png","width":1181,"height":371},{"@type":"BreadcrumbList","@id":"https:\/\/www.pelsis.com\/fr\/contactez-nous\/#breadcrumb","itemListElement":[{"@type":"ListItem","position":1,"name":"Home","item":"https:\/\/www.pelsis.com\/fr\/"},{"@type":"ListItem","position":2,"name":"Contactez-nous"}]},{"@type":"WebSite","@id":"https:\/\/www.pelsis.com\/fr\/#website","url":"https:\/\/www.pelsis.com\/fr\/","name":"Pelsis","description":"","potentialAction":[{"@type":"SearchAction","target":{"@type":"EntryPoint","urlTemplate":"https:\/\/www.pelsis.com\/fr\/?s={search_term_string}"},"query-input":"required name=search_term_string"}],"inLanguage":"fr-FR"}]}},"_links":{"self":[{"href":"https:\/\/www.pelsis.com\/fr\/wp-json\/wp\/v2\/pages\/1047"}],"collection":[{"href":"https:\/\/www.pelsis.com\/fr\/wp-json\/wp\/v2\/pages"}],"about":[{"href":"https:\/\/www.pelsis.com\/fr\/wp-json\/wp\/v2\/types\/page"}],"author":[{"embeddable":true,"href":"https:\/\/www.pelsis.com\/fr\/wp-json\/wp\/v2\/users\/1"}],"replies":[{"embeddable":true,"href":"https:\/\/www.pelsis.com\/fr\/wp-json\/wp\/v2\/comments?post=1047"}],"version-history":[{"count":0,"href":"https:\/\/www.pelsis.com\/fr\/wp-json\/wp\/v2\/pages\/1047\/revisions"}],"wp:featuredmedia":[{"embeddable":true,"href":"https:\/\/www.pelsis.com\/fr\/wp-json\/wp\/v2\/media\/4691"}],"wp:attachment":[{"href":"https:\/\/www.pelsis.com\/fr\/wp-json\/wp\/v2\/media?parent=1047"}],"curies":[{"name":"wp","href":"https:\/\/api.w.org\/{rel}","templated":true}]}}