{"id":1650,"date":"2019-11-21T12:10:11","date_gmt":"2019-11-21T12:10:11","guid":{"rendered":"https:\/\/www.pelsis.com\/kontakt\/find-a-distributor\/"},"modified":"2020-01-08T10:29:06","modified_gmt":"2020-01-08T10:29:06","slug":"finden-sie-vertriebspartner","status":"publish","type":"page","link":"https:\/\/www.pelsis.com\/de\/kontakt\/finden-sie-vertriebspartner\/","title":{"rendered":"Finden Sie Vertriebspartner"},"content":{"rendered":"<h2>Unsere Marken werden weltweit von \u00fcber 2500 Unternehmen vertrieben.<\/h2>\n<p>Um den passenden Lieferanten f\u00fcr Sie zu finden, f\u00fcllen Sie bitte das folgende Formular aus. Einer unserer Vertriebspartner wird dann umgehend mit Ihnen in Kontakt treten.<\/p>\n","protected":false},"excerpt":{"rendered":"<p>Unsere Marken werden weltweit von \u00fcber 2500 Unternehmen vertrieben. Um den passenden Lieferanten f\u00fcr Sie zu finden, f\u00fcllen Sie bitte das folgende Formular aus. Einer unserer Vertriebspartner wird dann umgehend mit Ihnen in Kontakt treten.<\/p>\n","protected":false},"author":1,"featured_media":184,"parent":1051,"menu_order":2,"comment_status":"closed","ping_status":"closed","template":"views\/template-contact.blade.php","meta":{"_acf_changed":false,"footnotes":""},"acf":[],"yoast_head":"<!-- This site is optimized with the Yoast SEO plugin v22.6 - https:\/\/yoast.com\/wordpress\/plugins\/seo\/ -->\n<title>Finden Sie Vertriebspartner - Pelsis<\/title>\n<meta name=\"robots\" content=\"index, follow, max-snippet:-1, max-image-preview:large, max-video-preview:-1\" \/>\n<link rel=\"canonical\" href=\"https:\/\/www.pelsis.com\/de\/kontakt\/finden-sie-vertriebspartner\/\" \/>\n<meta property=\"og:locale\" content=\"de_DE\" \/>\n<meta property=\"og:type\" content=\"article\" \/>\n<meta property=\"og:title\" content=\"Finden Sie Vertriebspartner - Pelsis\" \/>\n<meta property=\"og:description\" content=\"Unsere Marken werden weltweit von \u00fcber 2500 Unternehmen vertrieben. Um den passenden Lieferanten f\u00fcr Sie zu finden, f\u00fcllen Sie bitte das folgende Formular aus. Einer unserer Vertriebspartner wird dann umgehend mit Ihnen in Kontakt treten.\" \/>\n<meta property=\"og:url\" content=\"https:\/\/www.pelsis.com\/de\/kontakt\/finden-sie-vertriebspartner\/\" \/>\n<meta property=\"og:site_name\" content=\"Pelsis\" \/>\n<meta property=\"article:modified_time\" content=\"2020-01-08T10:29:06+00:00\" \/>\n<meta property=\"og:image\" content=\"https:\/\/www.pelsis.com\/app\/uploads\/2019\/11\/Presentation-Crowd.jpg\" \/>\n\t<meta property=\"og:image:width\" content=\"1500\" \/>\n\t<meta property=\"og:image:height\" content=\"1000\" \/>\n\t<meta property=\"og:image:type\" content=\"image\/jpeg\" \/>\n<meta name=\"twitter:card\" content=\"summary_large_image\" \/>\n<script type=\"application\/ld+json\" class=\"yoast-schema-graph\">{\"@context\":\"https:\/\/schema.org\",\"@graph\":[{\"@type\":\"WebPage\",\"@id\":\"https:\/\/www.pelsis.com\/de\/kontakt\/finden-sie-vertriebspartner\/\",\"url\":\"https:\/\/www.pelsis.com\/de\/kontakt\/finden-sie-vertriebspartner\/\",\"name\":\"Finden Sie Vertriebspartner - Pelsis\",\"isPartOf\":{\"@id\":\"https:\/\/www.pelsis.com\/de\/#website\"},\"primaryImageOfPage\":{\"@id\":\"https:\/\/www.pelsis.com\/de\/kontakt\/finden-sie-vertriebspartner\/#primaryimage\"},\"image\":{\"@id\":\"https:\/\/www.pelsis.com\/de\/kontakt\/finden-sie-vertriebspartner\/#primaryimage\"},\"thumbnailUrl\":\"https:\/\/www.pelsis.com\/app\/uploads\/2019\/11\/Presentation-Crowd.jpg\",\"datePublished\":\"2019-11-21T12:10:11+00:00\",\"dateModified\":\"2020-01-08T10:29:06+00:00\",\"breadcrumb\":{\"@id\":\"https:\/\/www.pelsis.com\/de\/kontakt\/finden-sie-vertriebspartner\/#breadcrumb\"},\"inLanguage\":\"de-DE\",\"potentialAction\":[{\"@type\":\"ReadAction\",\"target\":[\"https:\/\/www.pelsis.com\/de\/kontakt\/finden-sie-vertriebspartner\/\"]}]},{\"@type\":\"ImageObject\",\"inLanguage\":\"de-DE\",\"@id\":\"https:\/\/www.pelsis.com\/de\/kontakt\/finden-sie-vertriebspartner\/#primaryimage\",\"url\":\"https:\/\/www.pelsis.com\/app\/uploads\/2019\/11\/Presentation-Crowd.jpg\",\"contentUrl\":\"https:\/\/www.pelsis.com\/app\/uploads\/2019\/11\/Presentation-Crowd.jpg\",\"width\":1500,\"height\":1000},{\"@type\":\"BreadcrumbList\",\"@id\":\"https:\/\/www.pelsis.com\/de\/kontakt\/finden-sie-vertriebspartner\/#breadcrumb\",\"itemListElement\":[{\"@type\":\"ListItem\",\"position\":1,\"name\":\"Home\",\"item\":\"https:\/\/www.pelsis.com\/de\/\"},{\"@type\":\"ListItem\",\"position\":2,\"name\":\"Kontakt\",\"item\":\"https:\/\/www.pelsis.com\/de\/kontakt\/\"},{\"@type\":\"ListItem\",\"position\":3,\"name\":\"Finden Sie Vertriebspartner\"}]},{\"@type\":\"WebSite\",\"@id\":\"https:\/\/www.pelsis.com\/de\/#website\",\"url\":\"https:\/\/www.pelsis.com\/de\/\",\"name\":\"Pelsis\",\"description\":\"\",\"potentialAction\":[{\"@type\":\"SearchAction\",\"target\":{\"@type\":\"EntryPoint\",\"urlTemplate\":\"https:\/\/www.pelsis.com\/de\/?s={search_term_string}\"},\"query-input\":\"required name=search_term_string\"}],\"inLanguage\":\"de-DE\"}]}<\/script>\n<!-- \/ Yoast SEO plugin. -->","yoast_head_json":{"title":"Finden Sie Vertriebspartner - Pelsis","robots":{"index":"index","follow":"follow","max-snippet":"max-snippet:-1","max-image-preview":"max-image-preview:large","max-video-preview":"max-video-preview:-1"},"canonical":"https:\/\/www.pelsis.com\/de\/kontakt\/finden-sie-vertriebspartner\/","og_locale":"de_DE","og_type":"article","og_title":"Finden Sie Vertriebspartner - Pelsis","og_description":"Unsere Marken werden weltweit von \u00fcber 2500 Unternehmen vertrieben. Um den passenden Lieferanten f\u00fcr Sie zu finden, f\u00fcllen Sie bitte das folgende Formular aus. Einer unserer Vertriebspartner wird dann umgehend mit Ihnen in Kontakt treten.","og_url":"https:\/\/www.pelsis.com\/de\/kontakt\/finden-sie-vertriebspartner\/","og_site_name":"Pelsis","article_modified_time":"2020-01-08T10:29:06+00:00","og_image":[{"width":1500,"height":1000,"url":"https:\/\/www.pelsis.com\/app\/uploads\/2019\/11\/Presentation-Crowd.jpg","type":"image\/jpeg"}],"twitter_card":"summary_large_image","schema":{"@context":"https:\/\/schema.org","@graph":[{"@type":"WebPage","@id":"https:\/\/www.pelsis.com\/de\/kontakt\/finden-sie-vertriebspartner\/","url":"https:\/\/www.pelsis.com\/de\/kontakt\/finden-sie-vertriebspartner\/","name":"Finden Sie Vertriebspartner - Pelsis","isPartOf":{"@id":"https:\/\/www.pelsis.com\/de\/#website"},"primaryImageOfPage":{"@id":"https:\/\/www.pelsis.com\/de\/kontakt\/finden-sie-vertriebspartner\/#primaryimage"},"image":{"@id":"https:\/\/www.pelsis.com\/de\/kontakt\/finden-sie-vertriebspartner\/#primaryimage"},"thumbnailUrl":"https:\/\/www.pelsis.com\/app\/uploads\/2019\/11\/Presentation-Crowd.jpg","datePublished":"2019-11-21T12:10:11+00:00","dateModified":"2020-01-08T10:29:06+00:00","breadcrumb":{"@id":"https:\/\/www.pelsis.com\/de\/kontakt\/finden-sie-vertriebspartner\/#breadcrumb"},"inLanguage":"de-DE","potentialAction":[{"@type":"ReadAction","target":["https:\/\/www.pelsis.com\/de\/kontakt\/finden-sie-vertriebspartner\/"]}]},{"@type":"ImageObject","inLanguage":"de-DE","@id":"https:\/\/www.pelsis.com\/de\/kontakt\/finden-sie-vertriebspartner\/#primaryimage","url":"https:\/\/www.pelsis.com\/app\/uploads\/2019\/11\/Presentation-Crowd.jpg","contentUrl":"https:\/\/www.pelsis.com\/app\/uploads\/2019\/11\/Presentation-Crowd.jpg","width":1500,"height":1000},{"@type":"BreadcrumbList","@id":"https:\/\/www.pelsis.com\/de\/kontakt\/finden-sie-vertriebspartner\/#breadcrumb","itemListElement":[{"@type":"ListItem","position":1,"name":"Home","item":"https:\/\/www.pelsis.com\/de\/"},{"@type":"ListItem","position":2,"name":"Kontakt","item":"https:\/\/www.pelsis.com\/de\/kontakt\/"},{"@type":"ListItem","position":3,"name":"Finden Sie Vertriebspartner"}]},{"@type":"WebSite","@id":"https:\/\/www.pelsis.com\/de\/#website","url":"https:\/\/www.pelsis.com\/de\/","name":"Pelsis","description":"","potentialAction":[{"@type":"SearchAction","target":{"@type":"EntryPoint","urlTemplate":"https:\/\/www.pelsis.com\/de\/?s={search_term_string}"},"query-input":"required name=search_term_string"}],"inLanguage":"de-DE"}]}},"_links":{"self":[{"href":"https:\/\/www.pelsis.com\/de\/wp-json\/wp\/v2\/pages\/1650"}],"collection":[{"href":"https:\/\/www.pelsis.com\/de\/wp-json\/wp\/v2\/pages"}],"about":[{"href":"https:\/\/www.pelsis.com\/de\/wp-json\/wp\/v2\/types\/page"}],"author":[{"embeddable":true,"href":"https:\/\/www.pelsis.com\/de\/wp-json\/wp\/v2\/users\/1"}],"replies":[{"embeddable":true,"href":"https:\/\/www.pelsis.com\/de\/wp-json\/wp\/v2\/comments?post=1650"}],"version-history":[{"count":0,"href":"https:\/\/www.pelsis.com\/de\/wp-json\/wp\/v2\/pages\/1650\/revisions"}],"up":[{"embeddable":true,"href":"https:\/\/www.pelsis.com\/de\/wp-json\/wp\/v2\/pages\/1051"}],"wp:featuredmedia":[{"embeddable":true,"href":"https:\/\/www.pelsis.com\/de\/wp-json\/wp\/v2\/media\/184"}],"wp:attachment":[{"href":"https:\/\/www.pelsis.com\/de\/wp-json\/wp\/v2\/media?parent=1650"}],"curies":[{"name":"wp","href":"https:\/\/api.w.org\/{rel}","templated":true}]}}